{"id":258,"date":"2022-06-22T06:47:45","date_gmt":"2022-06-22T05:47:45","guid":{"rendered":"https:\/\/nichiren-shu.nl\/?page_id=258"},"modified":"2022-11-28T10:44:20","modified_gmt":"2022-11-28T09:44:20","slug":"beoefening","status":"publish","type":"page","link":"https:\/\/www.nichiren-shu.nl\/?page_id=258","title":{"rendered":"Beoefening"},"content":{"rendered":"\n<blockquote class=\"wp-block-quote has-text-align-right\">\n<p class=\"has-text-align-right\">Iedereen die deze soetra kopieert, bewaart, leest en reciteert, die er offers aan brengt en hem na mijn uitdoven aan anderen onderwijst, zal mijn gewaad dragen.<\/p>\n<cite><em>\u015a\u0101kyamuni Boeddha (Lotus Soetra, hoofdstuk 10)<\/em><\/cite><\/blockquote>\n\n\n\n<p>Het boeddhisme kent een grote verscheidenheid aan gebruiken en tradities. Het is daarom niet verrassend dat er ook zoveel verschillende manieren zijn om te beoefenen. Denk bijvoorbeeld aan stiltemeditatie, recitatie, gebed of loopmeditatie. <\/p>\n\n\n<div class=\"wp-block-image is-style-rounded\">\n<figure class=\"alignright size-full is-resized\"><img decoding=\"async\" loading=\"lazy\" src=\"https:\/\/nichiren-shu.nl\/wp-content\/uploads\/2022\/11\/beoefening-edited.jpeg\" alt=\"\" class=\"wp-image-636\" width=\"158\" height=\"157\" srcset=\"https:\/\/www.nichiren-shu.nl\/wp-content\/uploads\/2022\/11\/beoefening-edited.jpeg 484w, https:\/\/www.nichiren-shu.nl\/wp-content\/uploads\/2022\/11\/beoefening-edited-300x300.jpeg 300w, https:\/\/www.nichiren-shu.nl\/wp-content\/uploads\/2022\/11\/beoefening-edited-150x150.jpeg 150w\" sizes=\"(max-width: 158px) 100vw, 158px\" \/><\/figure><\/div>\n\n\n<p>Ook in Nichiren Shu worden verschillende oefeningen gedaan. Zoals bijvoorbeeld stiltemeditatie, het kopi\u00ebren van de beeltenis van de Boeddha, het reciteren van de soetra of het kopi\u00ebren van passages uit de soetra (zie foto). Altijd staat de Lotus Soetra centraal en zijn de oefeningen ge\u00efnspireerd op wat de soetra ons leert over het beoefenen.<\/p>\n\n\n\n<h2 class=\"wp-block-heading\">Odaimoku: Namu Myoho Renge Kyo<\/h2>\n\n\n\n<p>Onze voornaamste manier van beoefenen is het reciteren van de Japanse titel van de Lotus Soetra. Dit wordt in het Japans ook wel de Odaimoku genoemd, wat vrij vertaald &#8216;eerbiedwaardige titel&#8217; betekent. We reciteren de Odaimoku &#8211; <a href=\"https:\/\/nichiren-shu.nl\/?page_id=214\" data-type=\"page\" data-id=\"214\">Namu Myoho Renge Kyo<\/a> &#8211; &#8217;s ochtends en &#8217;s avonds. Een ander woord voor reciteren is<em> chanten<\/em>.<\/p>\n\n\n\n<p>Vaak wordt gedacht dat hoe langer je chant, hoe beter dat is. Dit is een misverstand. Bij het reciteren van <strong>Namu Myoho Renge Kyo<\/strong> gaat het niet om de hoeveelheid. Het belangrijkste is de kwaliteit. Het maakt dus niet uit hoe lang je chant, als je dit maar doet vanuit je hart, met bewondering voor de Boeddha, respect voor <a href=\"https:\/\/nichiren-shu.nl\/?page_id=327\" data-type=\"page\" data-id=\"327\">Nichiren Shonin<\/a>, en waardering voor iedereen om je heen. <\/p>\n\n\n\n<h2 class=\"wp-block-heading\">Thuis<\/h2>\n\n\n\n<p>Het ochtend- en avondgebed doe je thuis. Twee keer per dag een moment om stil te staan bij de verlichting van de Boeddha. Dit doen we door het reciteren van de Odaimoku en delen van het <a href=\"https:\/\/nichiren-shu.nl\/?page_id=264\" data-type=\"page\" data-id=\"264\">tweede<\/a> en <a href=\"https:\/\/nichiren-shu.nl\/?page_id=266\" data-type=\"page\" data-id=\"266\">zestiende<\/a> hoofdstuk van de Lotus Soetra.<\/p>\n\n\n\n<p>Verder is het ook mogelijk om andere hoofdstukken van de Lotus Soetra te reciteren. Of zelfs de hele Lotus Soetra door er elke dag een stukje van te chanten. <\/p>\n\n\n\n<h2 class=\"wp-block-heading\">Gohonzon<\/h2>\n\n\n<div class=\"wp-block-image\">\n<figure class=\"alignright size-full is-resized\"><a href=\"https:\/\/nichiren-shu.nl\/wp-content\/uploads\/2022\/11\/gohonzon.jpeg\"><img decoding=\"async\" loading=\"lazy\" src=\"https:\/\/nichiren-shu.nl\/wp-content\/uploads\/2022\/11\/gohonzon.jpeg\" alt=\"\" class=\"wp-image-617\" width=\"121\" height=\"196\" srcset=\"https:\/\/www.nichiren-shu.nl\/wp-content\/uploads\/2022\/11\/gohonzon.jpeg 512w, https:\/\/www.nichiren-shu.nl\/wp-content\/uploads\/2022\/11\/gohonzon-186x300.jpeg 186w\" sizes=\"(max-width: 121px) 100vw, 121px\" \/><\/a><\/figure><\/div>\n\n\n<p>Het ochtend- en avondgebed wordt gedaan voor een altaar, tegenover de Boeddha en de Gohonzon. De Gohonzon is een kalligrafie die de wereld van de Lotus Soetra symboliseert. Op de Gohonzon zijn de Japanse namen geschreven van onder andere de  Boeddha en grote bodhisattva&#8217;s. <\/p>\n\n\n\n<p><em>Foto: een Gohonzon geschreven door Nichiren Shonin. In het midden staat: Namu Myoho Renge Kyo. Links en rechts daarvan de namen van de Boeddha, bodhisattva&#8217;s en andere belangrijke boeddhistische figuren.<\/em><\/p>\n\n\n\n<h2 class=\"wp-block-heading\">Offers<\/h2>\n\n\n\n<p>Tijdens het ochtend- en avondgebed branden we kaarsen en wierook voor de Boeddha. Zij symboliseren zijn wijsheid en zijn leer. Ook is het gebruikelijk om de Boeddha iedere ochtend water en thee te brengen. andere offers die gebracht kunnen worden zijn bloemen en vegetarisch voedsel, zoals fruit of rijst. <\/p>\n\n\n\n<p>Het ochtend- en avondgebed wordt afgesloten met gelukwensen voor alle levende wezens en onze voorouders. Daarnaast is er ruimte voor eventuele persoonlijke gebeden voor onze geliefden en onszelf. Tot slot worden de vier grote geloften van een bodhisattva afgelegd.<\/p>\n","protected":false},"excerpt":{"rendered":"<p>Iedereen die deze soetra kopieert, bewaart, leest en reciteert, die er offers aan brengt en hem na mijn uitdoven aan anderen onderwijst, zal mijn gewaad dragen. \u015a\u0101kyamuni Boeddha (Lotus Soetra,&hellip;<\/p>\n","protected":false},"author":3,"featured_media":0,"parent":200,"menu_order":3,"comment_status":"closed","ping_status":"closed","template":"","meta":[],"jetpack_sharing_enabled":true,"_links":{"self":[{"href":"https:\/\/www.nichiren-shu.nl\/index.php?rest_route=\/wp\/v2\/pages\/258"}],"collection":[{"href":"https:\/\/www.nichiren-shu.nl\/index.php?rest_route=\/wp\/v2\/pages"}],"about":[{"href":"https:\/\/www.nichiren-shu.nl\/index.php?rest_route=\/wp\/v2\/types\/page"}],"author":[{"embeddable":true,"href":"https:\/\/www.nichiren-shu.nl\/index.php?rest_route=\/wp\/v2\/users\/3"}],"replies":[{"embeddable":true,"href":"https:\/\/www.nichiren-shu.nl\/index.php?rest_route=%2Fwp%2Fv2%2Fcomments&post=258"}],"version-history":[{"count":29,"href":"https:\/\/www.nichiren-shu.nl\/index.php?rest_route=\/wp\/v2\/pages\/258\/revisions"}],"predecessor-version":[{"id":678,"href":"https:\/\/www.nichiren-shu.nl\/index.php?rest_route=\/wp\/v2\/pages\/258\/revisions\/678"}],"up":[{"embeddable":true,"href":"https:\/\/www.nichiren-shu.nl\/index.php?rest_route=\/wp\/v2\/pages\/200"}],"wp:attachment":[{"href":"https:\/\/www.nichiren-shu.nl\/index.php?rest_route=%2Fwp%2Fv2%2Fmedia&parent=258"}],"curies":[{"name":"wp","href":"https:\/\/api.w.org\/{rel}","templated":true}]}}