{"id":282,"date":"2022-06-22T07:04:53","date_gmt":"2022-06-22T06:04:53","guid":{"rendered":"https:\/\/nichiren-shu.nl\/?page_id=282"},"modified":"2022-06-23T09:00:45","modified_gmt":"2022-06-23T08:00:45","slug":"de-boeddha","status":"publish","type":"page","link":"https:\/\/www.nichiren-shu.nl\/?page_id=282","title":{"rendered":"Boeddha"},"content":{"rendered":"<div class=\"wp-block-image is-style-rounded\">\n<figure class=\"alignright size-full is-resized\"><a href=\"https:\/\/nichiren-shu.nl\/wp-content\/uploads\/2022\/06\/114364705_4c7c140c1c_o.jpg\"><img decoding=\"async\" loading=\"lazy\" src=\"https:\/\/nichiren-shu.nl\/wp-content\/uploads\/2022\/06\/114364705_4c7c140c1c_o-edited.jpg\" alt=\"'Buda Shakyamuni' by MarenYumi is licensed under CC BY-NC-SA 2.0. \" class=\"wp-image-301\" width=\"246\" height=\"246\" srcset=\"https:\/\/www.nichiren-shu.nl\/wp-content\/uploads\/2022\/06\/114364705_4c7c140c1c_o-edited.jpg 578w, https:\/\/www.nichiren-shu.nl\/wp-content\/uploads\/2022\/06\/114364705_4c7c140c1c_o-edited-300x300.jpg 300w, https:\/\/www.nichiren-shu.nl\/wp-content\/uploads\/2022\/06\/114364705_4c7c140c1c_o-edited-150x150.jpg 150w\" sizes=\"(max-width: 246px) 100vw, 246px\" \/><\/a><\/figure><\/div>\n\n\n<p>Boeddhistische beoefenaars zien de Boeddha als een voorbeeld en gids. &#8216;Boeddha&#8217; betekent &#8216;Ontwaakte&#8217;. De Boeddha was een mens die ongeveer 2500 jaar geleden werd geboren, die verlichting bereikte en &#8216;wakker&#8217; werd voor de waarheid. Ook wij hebben dit vermogen, en zijn leringen kunnen, wanneer ze in praktijk worden gebracht, innerlijke vrede, de ontwikkeling van mededogen en wijsheid brengen, en ons dagelijks leven verrijken.<\/p>\n\n\n\n<h2 class=\"wp-block-heading\">Siddhartha Gautama<\/h2>\n\n\n\n<p>Voordat de Boeddha verlichting bereikte, was hij een man genaamd Siddhartha Gautama. Siddhartha was een prins, de zoon van de stamleider van de \u015a\u0101kya-stam. Hij was getrouwd, had een zoon (R\u0101hula), en leefde het leven van een edelman in zijn land. <\/p>\n\n\n\n<p>Op 29-jarige leeftijd, na opgeleid en getraind te zijn als prins, verliet Siddhartha zijn familie. Omdat hij de onbevredigende eigenschappen van het leven opmerkte en daarvoor een oplossing zocht, besloot hij monnik te worden en begon hij met ascetische praktijken. <\/p>\n\n\n\n<h2 class=\"wp-block-heading\">Extreme oefeningen<\/h2>\n\n\n\n<p>Onder leiding van vele leraren bekwaamde Siddhartha zich in zware yogapraktijken, waarbij hij bijvoorbeeld jarenlang honger leed. Deze extreme oefeningen boden echter geen bevrijding van het lijden en hij realiseerde zich dat ondanks alles wat hij had geleerd, hij nog steeds niet had bereikt wat hij zocht.<\/p>\n\n\n\n<p>Nadat hij de ascetische weg had verlaten ging hij onder een Bodhiboom zitten in de buurt van Uruvel\u0101. Siddhartha begon te mediteren en zwoer de plek niet te verlaten totdat hij verlichting had bereikt. Tijdens zijn meditatie onder de bodhiboom probeerde M\u0101ra, de Koning der Illusie, Siddhartha van zijn zoektocht af te brengen. Hoewel Mara de prins verleidde en hem bedreigde, bleef Siddhartha standvastig en weigerde te buigen voor de illusies en listen. <\/p>\n\n\n\n<p>Na enkele weken bereikte Siddhartha eindelijk zijn doel en werd hij de Boeddha, de Ontwaakte.<\/p>\n\n\n\n<h2 class=\"wp-block-heading\">Boeddha \u015a\u0101kyamuni<\/h2>\n\n\n<div class=\"wp-block-image\">\n<figure class=\"alignright size-full is-resized\"><a href=\"https:\/\/nichiren-shu.nl\/wp-content\/uploads\/2022\/06\/StandingBuddha.jpg\"><img decoding=\"async\" loading=\"lazy\" src=\"https:\/\/nichiren-shu.nl\/wp-content\/uploads\/2022\/06\/StandingBuddha.jpg\" alt=\"\" class=\"wp-image-311\" width=\"108\" height=\"189\" srcset=\"https:\/\/www.nichiren-shu.nl\/wp-content\/uploads\/2022\/06\/StandingBuddha.jpg 428w, https:\/\/www.nichiren-shu.nl\/wp-content\/uploads\/2022\/06\/StandingBuddha-171x300.jpg 171w\" sizes=\"(max-width: 108px) 100vw, 108px\" \/><\/a><\/figure><\/div>\n\n\n<p>Na het bereiken van de verlichting werd Siddhartha bekend als \u015a\u0101kyamuni (de wijze van de \u015a\u0101kyas) of de Boeddha (ontwaakte), en reisde hij de rest van zijn leven door India om mensen te helpen.<\/p>\n\n\n\n<p>Boeddha \u015a\u0101kyamuni legde hen uit wat hij door zijn ontwaken tot inzicht was gekomen, en begeleidde hen op hun eigen weg om boeddha te worden. Hij ging door met het prediken van de Dharma (Waarheid) totdat hij op tachtigjarige leeftijd overleed.<\/p>\n\n\n\n<p><em>Deze tekst is een gedeeltelijke vertaling van de tekst op de website van Nichiren Shu UK. De oorspronkelijke tekst is <a rel=\"noreferrer noopener\" href=\"https:\/\/nichiren-shu.org.uk\/introduction\" target=\"_blank\">hier<\/a> te lezen.<\/em><\/p>\n","protected":false},"excerpt":{"rendered":"<p>Boeddhistische beoefenaars zien de Boeddha als een voorbeeld en gids. &#8216;Boeddha&#8217; betekent &#8216;Ontwaakte&#8217;. De Boeddha was een mens die ongeveer 2500 jaar geleden werd geboren, die verlichting bereikte en &#8216;wakker&#8217;&hellip;<\/p>\n","protected":false},"author":3,"featured_media":0,"parent":202,"menu_order":1,"comment_status":"closed","ping_status":"closed","template":"","meta":[],"jetpack_sharing_enabled":true,"_links":{"self":[{"href":"https:\/\/www.nichiren-shu.nl\/index.php?rest_route=\/wp\/v2\/pages\/282"}],"collection":[{"href":"https:\/\/www.nichiren-shu.nl\/index.php?rest_route=\/wp\/v2\/pages"}],"about":[{"href":"https:\/\/www.nichiren-shu.nl\/index.php?rest_route=\/wp\/v2\/types\/page"}],"author":[{"embeddable":true,"href":"https:\/\/www.nichiren-shu.nl\/index.php?rest_route=\/wp\/v2\/users\/3"}],"replies":[{"embeddable":true,"href":"https:\/\/www.nichiren-shu.nl\/index.php?rest_route=%2Fwp%2Fv2%2Fcomments&post=282"}],"version-history":[{"count":12,"href":"https:\/\/www.nichiren-shu.nl\/index.php?rest_route=\/wp\/v2\/pages\/282\/revisions"}],"predecessor-version":[{"id":331,"href":"https:\/\/www.nichiren-shu.nl\/index.php?rest_route=\/wp\/v2\/pages\/282\/revisions\/331"}],"up":[{"embeddable":true,"href":"https:\/\/www.nichiren-shu.nl\/index.php?rest_route=\/wp\/v2\/pages\/202"}],"wp:attachment":[{"href":"https:\/\/www.nichiren-shu.nl\/index.php?rest_route=%2Fwp%2Fv2%2Fmedia&parent=282"}],"curies":[{"name":"wp","href":"https:\/\/api.w.org\/{rel}","templated":true}]}}